{"id":7628,"date":"2025-09-10T22:43:18","date_gmt":"2025-09-10T22:43:18","guid":{"rendered":"https:\/\/www.cognist.org\/?page_id=7628"},"modified":"2025-09-10T23:02:20","modified_gmt":"2025-09-10T23:02:20","slug":"haldun-akpinar","status":"publish","type":"page","link":"https:\/\/www.cognist.org\/index.php\/haldun-akpinar\/","title":{"rendered":"Haldun Akp\u0131nar"},"content":{"rendered":"\t\t<div data-elementor-type=\"wp-page\" data-elementor-id=\"7628\" class=\"elementor elementor-7628\">\n\t\t\t\t<div class=\"elementor-element elementor-element-fe8700d e-flex e-con-boxed qodef-elementor-content-no e-con e-parent\" data-id=\"fe8700d\" data-element_type=\"container\" data-e-type=\"container\">\n\t\t\t\t\t<div class=\"e-con-inner\">\n\t\t<div class=\"elementor-element elementor-element-5d51354 e-con-full e-flex qodef-elementor-content-no e-con e-child\" data-id=\"5d51354\" data-element_type=\"container\" data-e-type=\"container\">\n\t\t<div class=\"elementor-element elementor-element-e75fcf7 e-con-full e-flex qodef-elementor-content-no e-con e-child\" data-id=\"e75fcf7\" data-element_type=\"container\" data-e-type=\"container\">\n\t\t\t\t<div class=\"elementor-element elementor-element-447d83f elementor-widget elementor-widget-image\" data-id=\"447d83f\" data-element_type=\"widget\" data-e-type=\"widget\" data-widget_type=\"image.default\">\n\t\t\t\t\t\t\t\t\t\t\t\t\t\t\t<img fetchpriority=\"high\" decoding=\"async\" width=\"460\" height=\"615\" src=\"https:\/\/www.cognist.org\/wp-content\/uploads\/2025\/09\/WhatsApp-Image-2025-09-10-at-12.16.57.jpeg\" class=\"attachment-large size-large wp-image-7600\" alt=\"\" srcset=\"https:\/\/www.cognist.org\/wp-content\/uploads\/2025\/09\/WhatsApp-Image-2025-09-10-at-12.16.57.jpeg 460w, https:\/\/www.cognist.org\/wp-content\/uploads\/2025\/09\/WhatsApp-Image-2025-09-10-at-12.16.57-224x300.jpeg 224w\" sizes=\"(max-width: 460px) 100vw, 460px\" \/>\t\t\t\t\t\t\t\t\t\t\t\t\t\t\t<\/div>\n\t\t\t\t<\/div>\n\t\t<div class=\"elementor-element elementor-element-d9ce7ef e-con-full e-flex qodef-elementor-content-no e-con e-child\" data-id=\"d9ce7ef\" data-element_type=\"container\" data-e-type=\"container\">\n\t\t\t\t<div class=\"elementor-element elementor-element-d777029 elementor-widget elementor-widget-emeritus_core_section_title\" data-id=\"d777029\" data-element_type=\"widget\" data-e-type=\"widget\" data-widget_type=\"emeritus_core_section_title.default\">\n\t\t\t\t<div class=\"elementor-widget-container\">\n\t\t\t\t\t<div class=\"qodef-shortcode qodef-m qodef-section-title qodef-alignment--left\">\n    \t<p class=\"qodef-m-text\" >Prof. Dr.<\/p>\n\t\t<h4 class=\"qodef-m-title\" >\n\t\t\t\t\tHaldun AKPINAR\t\t\t<\/h4>\n<\/div>\n\t\t\t\t<\/div>\n\t\t\t\t<\/div>\n\t\t\t\t<div class=\"elementor-element elementor-element-c06d4b9 elementor-widget elementor-widget-text-editor\" data-id=\"c06d4b9\" data-element_type=\"widget\" data-e-type=\"widget\" data-widget_type=\"text-editor.default\">\n\t\t\t\t\t\t\t\t\t<p class=\"p2\">1958 y\u0131l\u0131nda \u0130stanbul\u2019da do\u011fan Prof. Dr. Haldun Akp\u0131nar, 1977 y\u0131l\u0131nda Kabata\u015f Erkek Lisesi\u2019nden mezun oldu. 1981 y\u0131l\u0131nda \u0130.\u00dc. \u0130\u015fletme Fak\u00fcltesi\u2019nde lisans ve 1982 y\u0131l\u0131nda \u0130.\u00dc. \u0130\u015fletme Fak\u00fcltesi Kantitatif Y\u00f6ntemler Y\u00fcksek Lisans \u00f6\u011frenimlerini gerek lisans gerekse y\u00fcksek lisans programlar\u0131nda 90+ not ortalamas\u0131 ile tamamlad\u0131. 1984 y\u0131l\u0131nda DAAD (Alman Akademik De\u011fi\u015fim Servisi) bursunu kazanarak, Karlsruhe Teknik \u00dcniversitesi Enformatik Fak\u00fcltesi\u2019nde <i>(Fakult\u00e4t f\u00fcr Informatik)<\/i> \u00f6\u011frenim g\u00f6ren Akp\u0131nar, en az 2 y\u0131l s\u00fcreli y\u00fcksek lisans program\u0131n\u0131 10 ayda tamamlad\u0131. 1986\u2019da doktora derecesini ald\u0131, 1991\u2019de do\u00e7ent, 1997\u2019de profes\u00f6r unvanlar\u0131n\u0131 kazand\u0131.<\/p><p class=\"p2\">Prof. Dr. Akp\u0131nar, 1982\u20132003 y\u0131llar\u0131 aras\u0131nda \u0130stanbul \u00dcniversitesi \u0130\u015fletme Fak\u00fcltesi\u2019nde \u00f6\u011fretim \u00fcyesi olarak g\u00f6rev yapt\u0131. 1996\u2019da \u0130stanbul \u00dcniversitesi \u0130\u015fletme \u0130ktisad\u0131 Enstit\u00fcs\u00fc\u2019nde \u0130\u015fletme Enformati\u011fi lisans \u00fcst\u00fc program\u0131n\u0131 kurdu. 1999\u20132003 y\u0131llar\u0131 aras\u0131nda Y\u00d6K Ulusal Enformatik Komitesi \u00fcyesi olarak g\u00f6rev ald\u0131. 2000\u20132003 y\u0131llar\u0131nda \u0130stanbul \u00dcniversitesi\u2019nde Kantitatif Y\u00f6ntemler Anabilim Dal\u0131 Ba\u015fkan\u0131 oldu. 2003\u20132015 y\u0131llar\u0131 aras\u0131nda Marmara \u00dcniversitesi\u2019nde DAAD deste\u011fiyle kurulan Almanca \u0130\u015fletme Enformati\u011fi B\u00f6l\u00fcm\u00fcn\u00fc y\u00f6netti. T\u00fcrkiye\u2019de \u0130\u015fletme Enformati\u011fi Program\u0131n\u0131n kurucusu olan Akp\u0131nar, 2016\u2019da Marmara \u00dcniversitesi\u2019nde Spor Enformati\u011fi y\u00fcksek lisans program\u0131n\u0131 kurdu ve 2016\u20132025 y\u0131llar\u0131 aras\u0131nda bu program\u0131n ba\u015fkanl\u0131\u011f\u0131 g\u00f6revini s\u00fcrd\u00fcrd\u00fc. 2025 y\u0131l\u0131 Eyl\u00fcl ay\u0131nda ya\u015f haddi nedeniyle emekli oldu. 2025 g\u00fcz d\u00f6neminde \u0130.\u00dc. Fen Edebiyat Fak\u00fcltesi Felsefe B\u00f6l\u00fcm\u00fc\u2019nde ikinci doktora \u00e7al\u0131\u015fmas\u0131na ba\u015flad\u0131.<\/p><p class=\"p2\">Lisans ve lisans\u00fcst\u00fc d\u00fczeyde \u201cVeri Analizi\u201d, \u201cKantitatif Y\u00f6ntemler\u201d, \u201c\u0130leri Teknoloji Y\u00f6netimi\u201d, \u201cYapay Zek\u00e2\u201d, \u201cKarar Destek Sistemleri\u201d ve \u201cVeri Madencili\u011fi\u201d derslerini T\u00fcrk\u00e7e, Almanca ve \u0130ngilizce olarak verdi. Ayr\u0131ca \u00e7e\u015fitli kurumlarda sa\u011fl\u0131k ve hastane enformasyon sistemleri \u00fczerine seminerler y\u00fcr\u00fctt\u00fc.<\/p><p class=\"p2\">\u0130lk delikli kart\u0131n\u0131 1979 y\u0131l\u0131nda i\u015fleyen Akp\u0131nar, ilk profesyonel yaz\u0131l\u0131m\u0131n\u0131 1981 y\u0131l\u0131nda geli\u015ftirdi. Yar\u0131m asra yakla\u015fan Enformasyon ve \u0130leti\u015fim Teknolojileri tecr\u00fcbesiyle yaz\u0131l\u0131m geli\u015ftirici, sistem analisti, dan\u0131\u015fman, proje y\u00f6neticisi ve akademisyen olarak \u00e7al\u0131\u015ft\u0131. Tekstil sekt\u00f6r\u00fcnden \u00e7imento sanayine kadar bir\u00e7ok b\u00fcy\u00fck i\u015fletmeye yaz\u0131l\u0131m geli\u015ftirdi ve enformasyon sistemleri projeleri y\u00f6netti.<\/p><p class=\"p2\">Gebr\u00fcder Happich (Wuppertal, Almanya), Passau \u00dcniversitesi (Almanya), Siemens A.\u015e. Viyana Program ve Sistem Geli\u015ftirme B\u00f6l\u00fcm\u00fc, Karlsruhe Teknik \u00dcniversitesi (Almanya) akademik kariyerinin ilk d\u00f6nemlerinde \u00fcniversiteler ve \u00f6zel kurulu\u015flarda enformatik alan\u0131nda \u00e7al\u0131\u015ft\u0131\u011f\u0131 ba\u015fl\u0131ca kurumlard\u0131r.<\/p><p class=\"p2\">1991\u20131992\u2019de Illinois \u00dcniversitesi (Beckman Institute \u2013 Center for Artificial Intelligence, ABD), 1993\u2019te Uluslararas\u0131 Tokyo \u00dcniversitesi (Japonya), 1997\u2019de J\u00f6nk\u00f6ping \u00dcniversitesi (\u0130sve\u00e7), 2000\u2019de Otago \u00dcniversitesi (Yeni Zelanda), 2001\u2019de Dortmund \u00dcniversitesi (Almanya), 2002\u2019de Katholische Eichst\u00e4tt \u00dcniversitesi (Almanya), 2005\u2019te M\u00fcnster \u00dcniversitesi (Almanya), 2009 ve 2011\u2019de Bielefeld Uygulamal\u0131 Bilimler \u00dcniversitesi (Almanya) gibi \u00e7e\u015fitli \u00fcniversitelerde misafir profes\u00f6r olarak ders verdi ve \u00e7e\u015fitli ara\u015ft\u0131rma projelerine katk\u0131da bulundu. 2024 y\u0131l\u0131nda Cezayir\u2019de Tlemcen ve Constantine \u00dcniversitelerinde davetli konu\u015fmac\u0131 olarak \u201cSonsuz Bilgi Aray\u0131\u015f\u0131nda\u201d, 2025 y\u0131l\u0131nda Tlemcen ve Relizane \u00dcniversitelerinde \u201cYapay Zek\u00e2n\u0131n Tarihsel Ara\u015ft\u0131rmalar \u00dczerindeki G\u00fcncel ve Gelecek Etkileri\u201d ba\u015fl\u0131kl\u0131 konferanslar\u0131n\u0131 verdi. 2017 y\u0131l\u0131ndan bu yana her y\u0131l Bielefeld Uygulamal\u0131 Bilimler \u00dcniversitesi\u2019nde \u0130ngilizce \/ Almanca enformasyon teknolojileri alan\u0131nda ders ve konferanslar vermektedir.<\/p><p class=\"p2\">1994\u2019te K\u0131rg\u0131zistan\u2019daki \u201cManas Sa\u011fl\u0131k Projesi\u201dne uluslararas\u0131 D\u00fcnya Sa\u011fl\u0131k \u00d6rg\u00fct\u00fc (WHO) dan\u0131\u015fman\u0131 olarak kat\u0131ld\u0131. 2002\u2019de T\u00fcrkiye\u2019nin 4. Sa\u011fl\u0131k Reformu Projesi kapsam\u0131nda g\u00fcn\u00fcm\u00fcz ortak a\u011f projesinin temellerini olu\u015fturan enformasyon sistemleri raporunu haz\u0131rlad\u0131. 2005\u20132007 aras\u0131nda T\u00fcrkiye\u2019nin ilk Socrates Minerva projesi olan <i>\u201cInnovation through Collaboration\u201d<\/i>\u0131n e\u015f-direkt\u00f6rl\u00fc\u011f\u00fcn\u00fc yapt\u0131.<\/p><p class=\"p2\"><i>\u201cBusiness Intelligence &amp; Data Mining\u201d<\/i> Sempozyumu (2004), <i>\u201cKriminalit\u00e4t und Sicherheit in der Digitalen Welt\u201d<\/i> (Dijital D\u00fcnyada Su\u00e7 ve G\u00fcvenlik) (2006), <i>\u201cOptimierung von Gesch\u00e4ftsprozessen\u201d<\/i> (\u0130\u015f S\u00fcre\u00e7lerinin Optimizasyonu) (2010), <i>\u201cWirtschaftsinformatik Transfer Forum\u201d <\/i>(2011) ve BICAB 2022 (Bielefeld Uygulamal\u0131 Bilimler \u00dcniversitesi, Almanya) \u2013 <i>\u201cData-Driven Decisions in Enterprises\u201d<\/i> gibi bir\u00e7ok uluslararas\u0131 akademik etkinlik d\u00fczenledi. Bu y\u0131l 12.si Ankara Medipol \u00dcniversitesinde yap\u0131lacak olan \u201cY\u00f6netim Bili\u015fim Sistemleri\u201d Konferanslar\u0131\u2019n\u0131n kurucu \u00fcyesi ve aktif d\u00fczenleyicisidir.<\/p><p class=\"p2\">T\u00fcrk\u00e7e (8, ikisi \u00e7eviri), \u0130ngilizce (1) ve Almanca (4) olmak \u00fczere toplam 13 kitab\u0131; ayr\u0131ca \u00e7ok say\u0131da ara\u015ft\u0131rma makalesi ve bildirisi vard\u0131r. 1992\u2019de \u201cT\u00fcrk Bankac\u0131l\u0131k Sisteminin Teknolojik \u00c7a\u011fa Uyumu\u201d ba\u015fl\u0131kl\u0131 \u00e7al\u0131\u015fmas\u0131yla T\u00fcrkiye Bankalar Birli\u011fi \u00d6d\u00fcl\u00fc\u2019n\u00fc, 1993 ve 1994\u2019te \u0130stanbul \u00dcniversitesi \u0130\u015fletme Fak\u00fcltesi ISBAT \u00d6d\u00fcllerini kazanm\u0131\u015ft\u0131r.<\/p><p class=\"p2\">Anadili T\u00fcrk\u00e7e olan Akp\u0131nar, \u0130ngilizce, Almanca ve \u0130spanyolca\u2019y\u0131 C2 seviyesinde bilmekte ve h\u00e2len Frans\u0131zca ve Latince \u00f6\u011frenimi s\u00fcrd\u00fcrmektedir.<\/p><p class=\"p2\">Enformasyon Sistemleri d\u0131\u015f\u0131nda ba\u015fl\u0131ca ilgi alanlar\u0131 felsefe, tarih ve uluslararas\u0131 ili\u015fkilerdir. Bir gezgin ruhuyla 70\u2019in \u00fczerinde \u00fclkeyi dola\u015fm\u0131\u015f, uluslar\u0131n tarihsel ve sosyo-ekonomik yap\u0131s\u0131na derin bir ilgi g\u00f6stermi\u015ftir. Zaman ve enerji bulabildi\u011finde yelken sporu ve foto\u011fraf\u00e7\u0131l\u0131k en \u00f6nemli u\u011fra\u015flar\u0131d\u0131r.<\/p>\t\t\t\t\t\t\t\t<\/div>\n\t\t\t\t<\/div>\n\t\t\t\t<\/div>\n\t\t\t\t\t<\/div>\n\t\t\t\t<\/div>\n\t\t\t\t<\/div>\n\t\t","protected":false},"excerpt":{"rendered":"<p>Prof. Dr. Haldun AKPINAR 1958 y\u0131l\u0131nda \u0130stanbul\u2019da do\u011fan Prof. Dr. Haldun Akp\u0131nar, 1977 y\u0131l\u0131nda Kabata\u015f Erkek Lisesi\u2019nden mezun oldu. 1981 y\u0131l\u0131nda \u0130.\u00dc. \u0130\u015fletme Fak\u00fcltesi\u2019nde lisans ve 1982 y\u0131l\u0131nda \u0130.\u00dc. \u0130\u015fletme [&hellip;]<\/p>\n","protected":false},"author":1,"featured_media":0,"parent":0,"menu_order":0,"comment_status":"closed","ping_status":"closed","template":"","meta":{"_bbp_topic_count":0,"_bbp_reply_count":0,"_bbp_total_topic_count":0,"_bbp_total_reply_count":0,"_bbp_voice_count":0,"_bbp_anonymous_reply_count":0,"_bbp_topic_count_hidden":0,"_bbp_reply_count_hidden":0,"_bbp_forum_subforum_count":0,"footnotes":""},"class_list":["post-7628","page","type-page","status-publish","hentry"],"_links":{"self":[{"href":"https:\/\/www.cognist.org\/index.php\/wp-json\/wp\/v2\/pages\/7628","targetHints":{"allow":["GET"]}}],"collection":[{"href":"https:\/\/www.cognist.org\/index.php\/wp-json\/wp\/v2\/pages"}],"about":[{"href":"https:\/\/www.cognist.org\/index.php\/wp-json\/wp\/v2\/types\/page"}],"author":[{"embeddable":true,"href":"https:\/\/www.cognist.org\/index.php\/wp-json\/wp\/v2\/users\/1"}],"replies":[{"embeddable":true,"href":"https:\/\/www.cognist.org\/index.php\/wp-json\/wp\/v2\/comments?post=7628"}],"version-history":[{"count":7,"href":"https:\/\/www.cognist.org\/index.php\/wp-json\/wp\/v2\/pages\/7628\/revisions"}],"predecessor-version":[{"id":7678,"href":"https:\/\/www.cognist.org\/index.php\/wp-json\/wp\/v2\/pages\/7628\/revisions\/7678"}],"wp:attachment":[{"href":"https:\/\/www.cognist.org\/index.php\/wp-json\/wp\/v2\/media?parent=7628"}],"curies":[{"name":"wp","href":"https:\/\/api.w.org\/{rel}","templated":true}]}}