{"id":2120,"date":"2020-11-21T18:56:43","date_gmt":"2020-11-21T18:56:43","guid":{"rendered":"https:\/\/emeritus.qodeinteractive.com\/?page_id=2120"},"modified":"2025-09-13T08:07:19","modified_gmt":"2025-09-13T08:07:19","slug":"hakkimizda","status":"publish","type":"page","link":"https:\/\/www.cognist.org\/index.php\/hakkimizda\/","title":{"rendered":"Hakk\u0131m\u0131zda"},"content":{"rendered":"\t\t<div data-elementor-type=\"wp-page\" data-elementor-id=\"2120\" class=\"elementor elementor-2120\">\n\t\t\t\t\t\t<section class=\"elementor-section elementor-top-section elementor-element elementor-element-a593750 qodef-elementor-content-grid elementor-section-boxed elementor-section-height-default elementor-section-height-default\" data-id=\"a593750\" data-element_type=\"section\" data-e-type=\"section\">\n\t\t\t\t\t\t<div class=\"elementor-container elementor-column-gap-default\">\n\t\t\t\t\t<div class=\"elementor-column elementor-col-100 elementor-top-column elementor-element elementor-element-846e5e6\" data-id=\"846e5e6\" data-element_type=\"column\" data-e-type=\"column\">\n\t\t\t<div class=\"elementor-widget-wrap elementor-element-populated\">\n\t\t\t\t\t\t<div class=\"elementor-element elementor-element-9005f96 elementor-widget elementor-widget-emeritus_core_section_title\" data-id=\"9005f96\" data-element_type=\"widget\" data-e-type=\"widget\" data-widget_type=\"emeritus_core_section_title.default\">\n\t\t\t\t<div class=\"elementor-widget-container\">\n\t\t\t\t\t<div class=\"qodef-shortcode qodef-m qodef-section-title qodef-alignment--left\">\n    \t<p class=\"qodef-m-text\" >Biz kimiz<\/p>\n\t\t<h2 class=\"qodef-m-title\" >\n\t\t\t\t\tHakk\u0131m\u0131zda\t\t\t<\/h2>\n<\/div>\n\t\t\t\t<\/div>\n\t\t\t\t<\/div>\n\t\t\t\t\t<\/div>\n\t\t<\/div>\n\t\t\t\t\t<\/div>\n\t\t<\/section>\n\t\t\t\t<section class=\"elementor-section elementor-top-section elementor-element elementor-element-5f68fec qodef-elementor-content-grid elementor-section-full_width elementor-section-height-default elementor-section-height-default\" data-id=\"5f68fec\" data-element_type=\"section\" data-e-type=\"section\">\n\t\t\t\t\t\t<div class=\"elementor-container elementor-column-gap-default\">\n\t\t\t\t\t<div class=\"elementor-column elementor-col-100 elementor-top-column elementor-element elementor-element-c6a495a\" data-id=\"c6a495a\" data-element_type=\"column\" data-e-type=\"column\">\n\t\t\t<div class=\"elementor-widget-wrap elementor-element-populated\">\n\t\t\t\t<div class=\"elementor-element elementor-element-e63aa8f e-con-full e-flex qodef-elementor-content-no e-con e-parent\" data-id=\"e63aa8f\" data-element_type=\"container\" data-e-type=\"container\">\n\t\t\t\t<div class=\"elementor-element elementor-element-79c9f0b elementor-widget-mobile__width-initial elementor-widget elementor-widget-text-editor\" data-id=\"79c9f0b\" data-element_type=\"widget\" data-e-type=\"widget\" data-widget_type=\"text-editor.default\">\n\t\t\t\t\t\t\t\t\t<p dir=\"ltr\" style=\"line-height: 1.3900000000000001; margin-top: 0pt; margin-bottom: 8pt;\"><span style=\"font-family: Aptos; color: #000000; background-color: transparent; font-weight: 400; font-style: normal; font-variant: normal; text-decoration: none; vertical-align: baseline; white-space: pre-wrap;\">\u0130stanbul Cognition Toplulu\u011fu (COGNIST) her biri kendi alan\u0131nda duayen olan, <\/span><\/p><ul style=\"font-family: Aptos; color: #000000; background-color: transparent; font-weight: 400; font-style: normal;\"><li>Prof. Dr. \u015eafak URAL &#8211; FELSEFE \/ MANTIK<\/li><li>Prof. Dr. Haldun AKPINAR &#8211; ENFORMAT\u0130K \/ YAPAY ZEK\u00c2 \/ FELSEFE<\/li><li>Prof. Dr. Dr. Mustafa BOZBU\u011eA &#8211; BEY\u0130N CERRAH\u0130S\u0130 \/ FELSEFE<\/li><li>Prof. Dr. Hasan U\u00c7ARSU \u2013 BESTEC\u0130 \/ M\u00dcZ\u0130KTE YARATICILIK<\/li><\/ul><p dir=\"ltr\" style=\"line-height: 1.3900000000000001; text-align: justify; margin-top: 0pt; margin-bottom: 8pt;\"><span style=\"font-family: Cambria,serif; color: #000000; background-color: transparent; font-weight: 400; font-style: normal; font-variant: normal; text-decoration: none; vertical-align: baseline; white-space: pre-wrap;\">taraf\u0131ndan 10 Ekim 2023 g\u00fcn\u00fc ilk colloquium\u2019unu d\u00fczenleyerek kurulmu\u015ftur. Farkl\u0131 disiplinlerden gelen bu bilim insanlar\u0131 2 y\u0131l i\u00e7erisinde 18 colloquia ger\u00e7ekle\u015ftirerek bir taraftan dostluklar\u0131n\u0131 \u00e7ok \u00fcst d\u00fczeylere ta\u015f\u0131m\u0131\u015f, di\u011fer taraftan da akademik bilgi birikimlerini s\u00fcrekli olarak \u00e7ok boyutlu bir ortamda tart\u0131\u015farak, ortak bir paydada peki\u015ftirme \u00e7abas\u0131na girmi\u015ftir.<\/span><\/p>\t\t\t\t\t\t\t\t<\/div>\n\t\t\t\t<div class=\"elementor-element elementor-element-7e6191c elementor-widget elementor-widget-image\" data-id=\"7e6191c\" data-element_type=\"widget\" data-e-type=\"widget\" data-widget_type=\"image.default\">\n\t\t\t\t\t\t\t\t\t\t\t\t<figure class=\"wp-caption\">\n\t\t\t\t\t\t\t\t\t\t<img fetchpriority=\"high\" decoding=\"async\" width=\"768\" height=\"548\" src=\"https:\/\/www.cognist.org\/wp-content\/uploads\/2025\/09\/sdasd-768x548.jpg\" class=\"attachment-medium_large size-medium_large wp-image-7306\" alt=\"\" srcset=\"https:\/\/www.cognist.org\/wp-content\/uploads\/2025\/09\/sdasd-768x548.jpg 768w, https:\/\/www.cognist.org\/wp-content\/uploads\/2025\/09\/sdasd-300x214.jpg 300w, https:\/\/www.cognist.org\/wp-content\/uploads\/2025\/09\/sdasd-600x428.jpg 600w, https:\/\/www.cognist.org\/wp-content\/uploads\/2025\/09\/sdasd.jpg 993w\" sizes=\"(max-width: 768px) 100vw, 768px\" \/>\t\t\t\t\t\t\t\t\t\t\t<figcaption class=\"widget-image-caption wp-caption-text\">XV. Mant\u0131k \u00c7al\u0131\u015ftay\u0131 \u2013 Gaziantep \u00dcniversitesi \u2013 27 Nisan 2025 Soldan Sa\u011fa: Prof. Dr. Hasan U\u00c7ARSU, Prof. Dr. Haldun AKPINAR, Prof. Dr. Dr. Mustafa Bozbu\u011fa, Prof. Dr. \u015eafak URAL<\/figcaption>\n\t\t\t\t\t\t\t\t\t\t<\/figure>\n\t\t\t\t\t\t\t\t\t<\/div>\n\t\t<div class=\"elementor-element elementor-element-fd7ee5f e-con-full e-flex qodef-elementor-content-no e-con e-child\" data-id=\"fd7ee5f\" data-element_type=\"container\" data-e-type=\"container\">\n\t\t\t\t<div class=\"elementor-element elementor-element-45c4098 elementor-widget elementor-widget-text-editor\" data-id=\"45c4098\" data-element_type=\"widget\" data-e-type=\"widget\" data-widget_type=\"text-editor.default\">\n\t\t\t\t\t\t\t\t\t<p><span style=\"font-weight: 400; font-family: Aptos; color: #000000; background-color: transparent; font-style: normal;\">12 Haziran 2025 tarihinde d\u00fczenlenen 16. Colloquium\u2019da akademik g\u00fcc\u00fcn\u00fc art\u0131rmay\u0131 \u00f6ng\u00f6rerek, \u00fcye say\u0131s\u0131n\u0131n toplam 11 \u00fcyeye \u00e7\u0131kart\u0131lmas\u0131na karar verilmi\u015f ve alanlar\u0131nda duayen olan 4 yeni \u00fcye ile \u00fcye say\u0131s\u0131n\u0131 sekize \u00e7\u0131kartm\u0131\u015ft\u0131r. Yeni \u00fcyelerimiz ve ilgi alanlar\u0131 \u015fu \u015fekildedir:<\/span><\/p><ul style=\"font-family: Aptos; color: #000000; background-color: transparent; font-weight: 400; font-style: normal;\"><li style=\"font-weight: 400;\" aria-level=\"1\"><span style=\"font-weight: 400;\">Prof. Dr. Sevin\u00e7 G\u00dcLSE\u00c7EN \u2013 Enformatik \/ Felsefe<\/span><\/li><li style=\"font-weight: 400;\" aria-level=\"1\"><span style=\"font-weight: 400;\">Prof. Dr. Dr. Nilg\u00fcn BOZBU\u011eA \u2013 T\u0131p \/ Kalp ve Damar Cerrahisi<\/span><\/li><li style=\"font-weight: 400;\" aria-level=\"1\"><span style=\"font-weight: 400;\">Do\u00e7. Dr. Hulusi G\u00dcLSE\u00c7EN \u2013 Astronomi<\/span><\/li><li style=\"font-weight: 400;\" aria-level=\"1\"><span style=\"font-weight: 400;\">Dr. Serdar SAVA\u015e \u2013 Sistem Biyolojisi ve Erdem<\/span><\/li><\/ul><p><span style=\"font-family: Aptos; color: #000000; background-color: transparent; font-weight: 400; font-style: normal;\">COGNIST halen antropoloji, psikoloji ve dilbilim alanlar\u0131ndaki adaylar\u0131n\u0131 heyecanla beklemektedir. <\/span><\/p>\t\t\t\t\t\t\t\t<\/div>\n\t\t\t\t<\/div>\n\t\t\t\t<\/div>\n\t\t\t\t\t<\/div>\n\t\t<\/div>\n\t\t\t\t\t<\/div>\n\t\t<\/section>\n\t\t\t\t<\/div>\n\t\t","protected":false},"excerpt":{"rendered":"<p>Biz kimiz Hakk\u0131m\u0131zda \u0130stanbul Cognition Toplulu\u011fu (COGNIST) her biri kendi alan\u0131nda duayen olan, Prof. Dr. \u015eafak URAL &#8211; FELSEFE \/ MANTIK Prof. Dr. Haldun AKPINAR &#8211; ENFORMAT\u0130K \/ YAPAY ZEK\u00c2 [&hellip;]<\/p>\n","protected":false},"author":1,"featured_media":0,"parent":0,"menu_order":0,"comment_status":"closed","ping_status":"closed","template":"page-full-width.php","meta":{"_bbp_topic_count":0,"_bbp_reply_count":0,"_bbp_total_topic_count":0,"_bbp_total_reply_count":0,"_bbp_voice_count":0,"_bbp_anonymous_reply_count":0,"_bbp_topic_count_hidden":0,"_bbp_reply_count_hidden":0,"_bbp_forum_subforum_count":0,"footnotes":""},"class_list":["post-2120","page","type-page","status-publish","hentry"],"_links":{"self":[{"href":"https:\/\/www.cognist.org\/index.php\/wp-json\/wp\/v2\/pages\/2120","targetHints":{"allow":["GET"]}}],"collection":[{"href":"https:\/\/www.cognist.org\/index.php\/wp-json\/wp\/v2\/pages"}],"about":[{"href":"https:\/\/www.cognist.org\/index.php\/wp-json\/wp\/v2\/types\/page"}],"author":[{"embeddable":true,"href":"https:\/\/www.cognist.org\/index.php\/wp-json\/wp\/v2\/users\/1"}],"replies":[{"embeddable":true,"href":"https:\/\/www.cognist.org\/index.php\/wp-json\/wp\/v2\/comments?post=2120"}],"version-history":[{"count":37,"href":"https:\/\/www.cognist.org\/index.php\/wp-json\/wp\/v2\/pages\/2120\/revisions"}],"predecessor-version":[{"id":7789,"href":"https:\/\/www.cognist.org\/index.php\/wp-json\/wp\/v2\/pages\/2120\/revisions\/7789"}],"wp:attachment":[{"href":"https:\/\/www.cognist.org\/index.php\/wp-json\/wp\/v2\/media?parent=2120"}],"curies":[{"name":"wp","href":"https:\/\/api.w.org\/{rel}","templated":true}]}}